{"id":15,"date":"2023-03-28T17:36:07","date_gmt":"2023-03-28T15:36:07","guid":{"rendered":"http:\/\/coopobois.com\/?page_id=15"},"modified":"2024-12-11T10:04:36","modified_gmt":"2024-12-11T09:04:36","slug":"brite","status":"publish","type":"page","link":"https:\/\/coopobois.com\/","title":{"rendered":"Front Page"},"content":{"rendered":"<div data-colibri-id=\"15-c1\" class=\"style-190 style-local-15-c1 position-relative\">\n  <!---->\n  <div data-colibri-component=\"section\" data-colibri-id=\"15-c2\" id=\"team\" class=\"h-section h-section-global-spacing d-flex align-items-lg-center align-items-md-center align-items-center style-201 style-local-15-c2 position-relative\">\n    <!---->\n    <!---->\n    <div class=\"h-section-grid-container h-section-boxed-container\">\n      <div data-colibri-id=\"15-c23\" class=\"h-row-container gutters-row-lg-2 gutters-row-md-2 gutters-row-2 gutters-row-v-lg-2 gutters-row-v-md-2 gutters-row-v-2 style-213 style-local-15-c23 position-relative\">\n        <!---->\n        <div class=\"h-row justify-content-lg-center justify-content-md-center justify-content-center align-items-lg-stretch align-items-md-stretch align-items-stretch gutters-col-lg-2 gutters-col-md-2 gutters-col-2 gutters-col-v-lg-2 gutters-col-v-md-2 gutters-col-v-2\">\n          <!---->\n          <div class=\"h-column h-column-container d-flex h-col-lg-auto h-col-md-auto h-col-auto style-214-outer style-local-15-c24-outer\">\n            <div data-colibri-id=\"15-c24\" class=\"d-flex h-flex-basis h-column__inner h-px-lg-2 h-px-md-2 h-px-2 v-inner-lg-2 v-inner-md-2 v-inner-2 style-214 style-local-15-c24 position-relative\">\n              <!---->\n              <!---->\n              <div class=\"w-100 h-y-container h-column__content h-column__v-align flex-basis-100 align-self-lg-start align-self-md-start align-self-start\">\n                <!---->\n                <div data-colibri-id=\"15-c25\" class=\"h-global-transition-all h-heading style-215 style-local-15-c25 position-relative h-element\">\n                  <!---->\n                  <div class=\"h-heading__outer style-215 style-local-15-c25\">\n                    <!---->\n                    <!---->\n                    <h2 class=\"\">Qui sommes nous ?&nbsp;<\/h2>\n                  <\/div>\n                <\/div>\n              <\/div>\n            <\/div>\n          <\/div>\n        <\/div>\n      <\/div>\n      <div data-colibri-id=\"15-c3\" class=\"h-row-container gutters-row-lg-2 gutters-row-md-2 gutters-row-0 gutters-row-v-lg-2 gutters-row-v-md-2 gutters-row-v-2 style-217 style-local-15-c3 position-relative\">\n        <!---->\n        <div class=\"h-row justify-content-lg-center justify-content-md-center justify-content-center align-items-lg-stretch align-items-md-stretch align-items-stretch gutters-col-lg-2 gutters-col-md-2 gutters-col-0 gutters-col-v-lg-2 gutters-col-v-md-2 gutters-col-v-2\">\n          <!---->\n          <div class=\"h-column h-column-container d-flex h-col-lg-auto h-col-md-auto h-col-auto style-218-outer style-local-15-c4-outer\">\n            <div data-colibri-id=\"15-c4\" class=\"d-flex h-flex-basis h-column__inner h-px-lg-2 h-px-md-2 h-px-2 v-inner-lg-2 v-inner-md-2 v-inner-2 style-218 style-local-15-c4 position-relative\">\n              <!---->\n              <!---->\n              <div class=\"w-100 h-y-container h-column__content h-column__v-align flex-basis-100 align-self-lg-start align-self-md-start align-self-start\">\n                <!---->\n                <div data-colibri-id=\"15-c5\" class=\"h-lead h-text h-text-component style-216 style-local-15-c5 position-relative h-element\">\n                  <!---->\n                  <!---->\n                  <div class=\"\">\n                    <p>Coopobois, ce sont deux entrepreneurs de la construction au sein de la coop\u00e9rative Toerana.\n                      <br>\n                    <\/p>\n                    <p>Forts d\u2019exp\u00e9riences cumul\u00e9es depuis 10 ans dans le b\u00e2timent chacun de notre cot\u00e9, de la ma\u00eetrise d\u2019\u0153uvre \u00e0 la charpente, la menuiserie et la construction bois, nous avons d\u00e9cid\u00e9 de cr\u00e9er notre activit\u00e9.\n                      <br>\n                    <\/p>\n                    <p>Dans le monde du b\u00e2timent, vous pouvez trouver bien des artisans travailleurs et s\u00fbr d&#8217;eux, mais les techniques et les normes \u00e9voluent et n\u00e9cessitent de s&#8217;adapter, d&#8217;apprendre, de se questionner car il&nbsp;<span style=\"font-weight: 300; font-size: 17.76px; font-family: &quot;Open Sans&quot;; color: rgb(51, 51, 51);\">est impossible de tout connaitre, et de ne jamais se tromper.&nbsp;De plus, rares sont les artisans qui&nbsp;<\/span>vous\n                      accompagnement \u00e0 d\u00e9finir vos besoins.<\/p>\n                    <p>C\u2019est avec ce constat et l\u2019envie d\u2019apporter de la plus value \u00e0 un domaine qui nous passionne que nous avons d\u00e9cider de mettre en \u0153uvre nos comp\u00e9tences pour d\u00e9velopper votre projet au sein de la coop\u00e9rative Toerana, qu&#8217;il s&#8217;agisse\n                      <span\n                        style=\"font-weight: 300; font-size: 17.76px; font-family: &quot;Open Sans&quot;; color: rgb(51, 51, 51);\">d\u2019une r\u00e9flexion globale sur votre habitat<\/span>, de mod\u00e9lisation pour vous aider \u00e0 vous projeter, \u00e0 une r\u00e9alisation tr\u00e8s localis\u00e9e ou compl\u00e8te en clos-couvert, en r\u00e9novation ou en construction neuve.<\/p>\n                    <p>\n                      <br>\n                    <\/p>\n                    <p>Nos domaines d\u2019interventions :<\/p>\n                    <ul>\n                      <li>ITE &#8211; Isolation Thermique par l\u2019Ext\u00e9rieur<\/li>\n                      <li>ITI &#8211; Isolation par l\u2019int\u00e9rieur<\/li>\n                      <li>Couverture l\u00e9g\u00e8re (EPDM, membrane pvc)<\/li>\n                      <li>Charpente \/ Ossature bois<\/li>\n                      <li>Menuiserie<\/li>\n                      <li>Bardage<\/li>\n                      <li>Am\u00e9nagement int\u00e9rieur \/ ext\u00e9rieur<\/li>\n                    <\/ul>\n                    <p>\n                      <br>\n                    <\/p>\n                  <\/div>\n                <\/div>\n              <\/div>\n            <\/div>\n          <\/div>\n        <\/div>\n      <\/div>\n      <div data-colibri-id=\"15-c6\" class=\"h-row-container gutters-row-lg-2 gutters-row-md-2 gutters-row-0 gutters-row-v-lg-2 gutters-row-v-md-2 gutters-row-v-2 style-260 style-local-15-c6 position-relative\">\n        <!---->\n        <div class=\"h-row justify-content-lg-center justify-content-md-center justify-content-center align-items-lg-stretch align-items-md-stretch align-items-stretch gutters-col-lg-2 gutters-col-md-2 gutters-col-0 gutters-col-v-lg-2 gutters-col-v-md-2 gutters-col-v-2\">\n          <!---->\n          <div class=\"h-column h-column-container d-flex h-col-lg-auto h-col-md-auto h-col-auto style-261-outer style-local-15-c7-outer\">\n            <div data-colibri-id=\"15-c7\" class=\"d-flex h-flex-basis h-column__inner h-px-lg-2 h-px-md-2 h-px-2 v-inner-lg-2 v-inner-md-2 v-inner-2 style-261 style-local-15-c7 position-relative\">\n              <!---->\n              <!---->\n              <div class=\"w-100 h-y-container h-column__content h-column__v-align flex-basis-100 align-self-lg-start align-self-md-start align-self-start\">\n                <!---->\n                <div data-colibri-id=\"15-c8\" class=\"h-text h-text-component style-262 style-local-15-c8 position-relative h-element\">\n                  <!---->\n                  <!---->\n                  <div class=\"\">\n                    <h2>Nous contacter<\/h2>\n                    <p>coopobois@toerana-habitat.fr<\/p>\n                  <\/div>\n                <\/div>\n                <div data-colibri-id=\"15-c9\" class=\"style-209 style-local-15-c9 position-relative h-element\">\n                  <!---->\n                  <div class=\"d-flex flex-wrap h-social-icons justify-content-lg-center justify-content-md-center justify-content-center\">\n                    <div class=\"social-icon-container d-inline-flex\">\n                      <div class=\"icon-container h-social-icon h-global-transition\">\n                        <div class=\"h-icon-svg\" style=\"width: 100%; height: 100%;\">\n                          <!--Icon by Socicon (http:\/\/www.socicon.com)-->\n                          <svg version=\"1.1\" xmlns=\"http:\/\/www.w3.org\/2000\/svg\" viewBox=\"0 0 1500 1500\">\n\n                            <path d=\"M867.188 1500v-685.547h228.516l35.156-266.602h-263.672v-169.922c0-76.172 20.508-128.906 131.836-128.906h140.625v-237.305c-23.438-5.859-108.398-11.719-205.078-11.719-205.078 0-342.773 123.047-342.773 351.563v196.289h-231.445v266.602h231.445v685.547z\"><\/path>\n                          <\/svg>\n                        <\/div>\n                      <\/div>\n                    <\/div>\n                    <div class=\"social-icon-container d-inline-flex\">\n                      <a href=\"http:\/\/www.linkedin.com\/in\/jfkuntz\" target=\"_blank\" rel=\"nofollow\" h-use-smooth-scroll=\"true\">\n                        <div class=\"icon-container h-social-icon h-global-transition\">\n                          <div class=\"h-icon-svg\" style=\"width: 100%; height: 100%;\">\n                            <!--Icon by Socicon (http:\/\/www.socicon.com)-->\n                            <svg version=\"1.1\" xmlns=\"http:\/\/www.w3.org\/2000\/svg\" viewBox=\"0 0 1500 1500\">\n\n                              <path d=\"M1122.070 767.578c-20.508-23.438-55.664-35.156-105.469-35.156-64.453 0-108.398 20.508-134.766 55.664-26.367 38.086-38.086 90.82-38.086 158.203v512.695c0 8.789-2.93 17.578-11.719 26.367-5.859 5.859-17.578 11.719-26.367 11.719h-269.531c-8.789 0-17.578-5.859-26.367-11.719-5.859-8.789-11.719-17.578-11.719-26.367v-946.289c0-8.789 5.859-17.578 11.719-26.367 8.789-5.859 17.578-11.719 26.367-11.719h260.742c8.789 0 17.578 2.93 23.438 5.859s8.789 11.719 11.719 20.508c0 8.789 2.93 17.578 2.93 20.508s0 11.719 0 23.438c67.383-64.453 158.203-93.75 266.602-93.75 125.977 0 222.656 29.297 292.969 90.82 70.313 64.453 105.469 155.273 105.469 278.32v638.672c0 8.789-2.93 17.578-11.719 26.367-5.859 5.859-17.578 11.719-26.367 11.719h-275.391c-8.789 0-17.578-5.859-26.367-11.719-5.859-8.789-11.719-17.578-11.719-26.367v-577.148c0-49.805-8.789-87.891-26.367-114.258zM310.547 313.477c-35.156 35.156-79.102 52.734-128.906 52.734s-93.75-17.578-128.906-52.734c-35.156-35.156-52.734-76.172-52.734-128.906 0-49.805 17.578-90.82 52.734-125.977s79.102-55.664 128.906-55.664c49.805 0 93.75 20.508 128.906 55.664s52.734 76.172 52.734 125.977c0 52.734-17.578 93.75-52.734 128.906zM354.492 512.695v946.289c0 8.789-5.859 17.578-11.719 26.367-8.789 5.859-17.578 11.719-26.367 11.719h-269.531c-8.789 0-17.578-5.859-26.367-11.719-5.859-8.789-11.719-17.578-11.719-26.367v-946.289c0-8.789 5.859-17.578 11.719-26.367 8.789-5.859 17.578-11.719 26.367-11.719h269.531c8.789 0 17.578 5.859 26.367 11.719 5.859 8.789 11.719 17.578 11.719 26.367z\"><\/path>\n                            <\/svg>\n                          <\/div>\n                        <\/div>\n                      <\/a>\n                    <\/div>\n                  <\/div>\n                <\/div>\n              <\/div>\n            <\/div>\n          <\/div>\n        <\/div>\n      <\/div>\n      <div data-colibri-id=\"15-c10\" class=\"h-row-container gutters-row-lg-2 gutters-row-md-2 gutters-row-2 gutters-row-v-lg-2 gutters-row-v-md-2 gutters-row-v-2 style-202 style-local-15-c10 position-relative\">\n        <!---->\n        <div class=\"h-row justify-content-lg-center justify-content-md-center justify-content-center align-items-lg-stretch align-items-md-stretch align-items-stretch gutters-col-lg-2 gutters-col-md-2 gutters-col-2 gutters-col-v-lg-2 gutters-col-v-md-2 gutters-col-v-2\">\n          <!---->\n          <div class=\"h-column h-column-container d-flex h-col-lg-3 h-col-md-6 h-col-12 style-203-outer style-local-15-c11-outer\">\n            <div data-colibri-id=\"15-c11\" class=\"d-flex h-flex-basis h-column__inner h-px-lg-0 h-px-md-0 h-px-0 v-inner-lg-0 v-inner-md-0 v-inner-0 style-203 style-local-15-c11 position-relative\">\n              <!---->\n              <!---->\n              <div class=\"w-100 h-y-container h-column__content h-column__v-align flex-basis-100 align-self-lg-start align-self-md-start align-self-start\">\n                <!---->\n                <div data-colibri-id=\"15-c12\" class=\"d-block style-204 style-local-15-c12 position-relative h-element\">\n                  <!---->\n                  <div class=\"h-image__frame-container-outer\">\n                    <div class=\"h-image__frame-container\">\n                      <!---->\n                      <!---->\n                      <img loading=\"lazy\" decoding=\"async\" width=\"241\" height=\"336\" src=\"http:\/\/coopobois.com\/wp-content\/uploads\/2023\/03\/cropped-Photo-JF_fond-gris-clair.png\" class=\"wp-image-92 style-204-image style-local-15-c12-image\" alt=\"\" srcset=\"https:\/\/coopobois.com\/wp-content\/uploads\/2023\/03\/cropped-Photo-JF_fond-gris-clair.png 241w, https:\/\/coopobois.com\/wp-content\/uploads\/2023\/03\/cropped-Photo-JF_fond-gris-clair-215x300.png 215w\" sizes=\"auto, (max-width: 241px) 100vw, 241px\" \/>\n                      <div class=\"h-image__frame h-hide-lg h-hide-md h-hide-sm style-204-frameImage style-local-15-c12-frameImage\"><\/div>\n                    <\/div>\n                  <\/div>\n                <\/div>\n                <div data-colibri-id=\"15-c13\" class=\"h-row-container gutters-row-lg-0 gutters-row-md-0 gutters-row-0 gutters-row-v-lg-0 gutters-row-v-md-0 gutters-row-v-0 style-205 style-local-15-c13 position-relative\">\n                  <!---->\n                  <div class=\"h-row justify-content-lg-center justify-content-md-center justify-content-center align-items-lg-stretch align-items-md-stretch align-items-stretch gutters-col-lg-0 gutters-col-md-0 gutters-col-0 gutters-col-v-lg-0 gutters-col-v-md-0 gutters-col-v-0\">\n                    <!---->\n                    <div class=\"h-column h-column-container d-flex h-col-lg-auto h-col-md-auto h-col-auto style-206-outer style-local-15-c14-outer\">\n                      <div data-colibri-id=\"15-c14\" class=\"d-flex h-flex-basis h-column__inner h-px-lg-2 h-px-md-2 h-px-2 v-inner-lg-2 v-inner-md-2 v-inner-2 style-206 style-local-15-c14 position-relative\">\n                        <!---->\n                        <!---->\n                        <div class=\"w-100 h-y-container h-column__content h-column__v-align flex-basis-100 align-self-lg-start align-self-md-start align-self-start\">\n                          <!---->\n                          <div data-colibri-id=\"15-c15\" class=\"h-global-transition-all h-heading style-207 style-local-15-c15 position-relative h-element\">\n                            <!---->\n                            <div class=\"h-heading__outer style-207 style-local-15-c15\">\n                              <!---->\n                              <!---->\n                              <h4 class=\"\">Jean-Fran\u00e7ois Kuntz<\/h4>\n                            <\/div>\n                          <\/div>\n                          <div data-colibri-id=\"15-c16\" class=\"h-text h-text-component style-208 style-local-15-c16 position-relative h-element\">\n                            <!---->\n                            <!---->\n                            <div class=\"\">\n                              <p>Charpentier \/ Ma\u00eetre d&#8217;oeuvre<\/p>\n                              <p>06 31 58 37 45<\/p>\n                            <\/div>\n                          <\/div>\n                        <\/div>\n                      <\/div>\n                    <\/div>\n                  <\/div>\n                <\/div>\n              <\/div>\n            <\/div>\n          <\/div>\n          <div class=\"h-column h-column-container d-flex h-col-lg-3 h-col-md-6 h-col-12 style-203-outer style-local-15-c17-outer\">\n            <div data-colibri-id=\"15-c17\" class=\"d-flex h-flex-basis h-column__inner h-px-lg-0 h-px-md-0 h-px-0 v-inner-lg-0 v-inner-md-0 v-inner-0 style-203 style-local-15-c17 position-relative\">\n              <!---->\n              <!---->\n              <div class=\"w-100 h-y-container h-column__content h-column__v-align flex-basis-100 align-self-lg-start align-self-md-start align-self-start\">\n                <!---->\n                <div data-colibri-id=\"15-c18\" class=\"d-block style-204 style-local-15-c18 position-relative h-element\">\n                  <!---->\n                  <div class=\"h-image__frame-container-outer\">\n                    <div class=\"h-image__frame-container\">\n                      <!---->\n                      <!---->\n                      <img loading=\"lazy\" decoding=\"async\" width=\"242\" height=\"341\" src=\"http:\/\/coopobois.com\/wp-content\/uploads\/2023\/03\/cropped-Photo-Nico_fond-gris-clair.png\" class=\"wp-image-94 style-204-image style-local-15-c18-image\" alt=\"\" srcset=\"https:\/\/coopobois.com\/wp-content\/uploads\/2023\/03\/cropped-Photo-Nico_fond-gris-clair.png 242w, https:\/\/coopobois.com\/wp-content\/uploads\/2023\/03\/cropped-Photo-Nico_fond-gris-clair-213x300.png 213w\" sizes=\"auto, (max-width: 242px) 100vw, 242px\" \/>\n                      <div class=\"h-image__frame h-hide-lg h-hide-md h-hide-sm style-204-frameImage style-local-15-c18-frameImage\"><\/div>\n                    <\/div>\n                  <\/div>\n                <\/div>\n                <div data-colibri-id=\"15-c19\" class=\"h-row-container gutters-row-lg-0 gutters-row-md-0 gutters-row-0 gutters-row-v-lg-0 gutters-row-v-md-0 gutters-row-v-0 style-205 style-local-15-c19 position-relative\">\n                  <!---->\n                  <div class=\"h-row justify-content-lg-center justify-content-md-center justify-content-center align-items-lg-stretch align-items-md-stretch align-items-stretch gutters-col-lg-0 gutters-col-md-0 gutters-col-0 gutters-col-v-lg-0 gutters-col-v-md-0 gutters-col-v-0\">\n                    <!---->\n                    <div class=\"h-column h-column-container d-flex h-col-lg-auto h-col-md-auto h-col-auto style-206-outer style-local-15-c20-outer\">\n                      <div data-colibri-id=\"15-c20\" class=\"d-flex h-flex-basis h-column__inner h-px-lg-2 h-px-md-2 h-px-2 v-inner-lg-2 v-inner-md-2 v-inner-2 style-206 style-local-15-c20 position-relative\">\n                        <!---->\n                        <!---->\n                        <div class=\"w-100 h-y-container h-column__content h-column__v-align flex-basis-100 align-self-lg-start align-self-md-start align-self-start\">\n                          <!---->\n                          <div data-colibri-id=\"15-c21\" class=\"h-global-transition-all h-heading style-207 style-local-15-c21 position-relative h-element\">\n                            <!---->\n                            <div class=\"h-heading__outer style-207 style-local-15-c21\">\n                              <!---->\n                              <!---->\n                              <h4 class=\"\">Nicolas Mateskovic<\/h4>\n                            <\/div>\n                          <\/div>\n                          <div data-colibri-id=\"15-c22\" class=\"h-text h-text-component style-208 style-local-15-c22 position-relative h-element\">\n                            <!---->\n                            <!---->\n                            <div class=\"\">\n                              <p>Constructeur bois<\/p>\n                              <p>06 60 79 55 86<\/p>\n                            <\/div>\n                          <\/div>\n                        <\/div>\n                      <\/div>\n                    <\/div>\n                  <\/div>\n                <\/div>\n              <\/div>\n            <\/div>\n          <\/div>\n        <\/div>\n      <\/div>\n    <\/div>\n  <\/div>\n<\/div>","protected":false},"excerpt":{"rendered":"<p>Qui sommes nous ?&nbsp; Coopobois, ce sont deux entrepreneurs de la construction au sein de la coop\u00e9rative Toerana. Forts d\u2019exp\u00e9riences cumul\u00e9es depuis 10 ans dans le b\u00e2timent chacun de notre cot\u00e9, de la ma\u00eetrise d\u2019\u0153uvre \u00e0 la charpente, la menuiserie et la construction bois, nous avons d\u00e9cid\u00e9 de cr\u00e9er notre activit\u00e9. Dans le monde du [&hellip;]<\/p>\n","protected":false},"author":1,"featured_media":0,"parent":0,"menu_order":0,"comment_status":"closed","ping_status":"closed","template":"page-templates\/homepage.php","meta":{"footnotes":""},"class_list":["post-15","page","type-page","status-publish","hentry"],"_links":{"self":[{"href":"https:\/\/coopobois.com\/index.php?rest_route=\/wp\/v2\/pages\/15","targetHints":{"allow":["GET"]}}],"collection":[{"href":"https:\/\/coopobois.com\/index.php?rest_route=\/wp\/v2\/pages"}],"about":[{"href":"https:\/\/coopobois.com\/index.php?rest_route=\/wp\/v2\/types\/page"}],"author":[{"embeddable":true,"href":"https:\/\/coopobois.com\/index.php?rest_route=\/wp\/v2\/users\/1"}],"replies":[{"embeddable":true,"href":"https:\/\/coopobois.com\/index.php?rest_route=%2Fwp%2Fv2%2Fcomments&post=15"}],"version-history":[{"count":8,"href":"https:\/\/coopobois.com\/index.php?rest_route=\/wp\/v2\/pages\/15\/revisions"}],"predecessor-version":[{"id":159,"href":"https:\/\/coopobois.com\/index.php?rest_route=\/wp\/v2\/pages\/15\/revisions\/159"}],"wp:attachment":[{"href":"https:\/\/coopobois.com\/index.php?rest_route=%2Fwp%2Fv2%2Fmedia&parent=15"}],"curies":[{"name":"wp","href":"https:\/\/api.w.org\/{rel}","templated":true}]}}